{"id":1444,"date":"2022-02-20T19:04:20","date_gmt":"2022-02-20T19:04:20","guid":{"rendered":"http:\/\/davidmendozafotografo.com\/?page_id=1444"},"modified":"2022-02-20T21:10:54","modified_gmt":"2022-02-20T21:10:54","slug":"elementor-1444","status":"publish","type":"page","link":"https:\/\/davidmendozafotografo.com\/?page_id=1444","title":{"rendered":"Bodas"},"content":{"rendered":"\t\t<div data-elementor-type=\"wp-page\" data-elementor-id=\"1444\" class=\"elementor elementor-1444\">\n\t\t\t\t\t\t<section class=\"elementor-section elementor-top-section elementor-element elementor-element-c470e33 elementor-section-boxed elementor-section-height-default elementor-section-height-default\" data-id=\"c470e33\" data-element_type=\"section\" data-e-type=\"section\">\n\t\t\t\t\t\t<div class=\"elementor-container elementor-column-gap-default\">\n\t\t\t\t\t<div class=\"elementor-column elementor-col-100 elementor-top-column elementor-element elementor-element-d9dc804\" data-id=\"d9dc804\" data-element_type=\"column\" data-e-type=\"column\">\n\t\t\t<div class=\"elementor-widget-wrap\">\n\t\t\t\t\t\t\t<\/div>\n\t\t<\/div>\n\t\t\t\t\t<\/div>\n\t\t<\/section>\n\t\t\t\t<section class=\"elementor-section elementor-top-section elementor-element elementor-element-9fbc502 elementor-section-boxed elementor-section-height-default elementor-section-height-default\" data-id=\"9fbc502\" data-element_type=\"section\" data-e-type=\"section\">\n\t\t\t\t\t\t<div class=\"elementor-container elementor-column-gap-default\">\n\t\t\t\t\t<div class=\"elementor-column elementor-col-100 elementor-top-column elementor-element elementor-element-cbb7581\" data-id=\"cbb7581\" data-element_type=\"column\" data-e-type=\"column\">\n\t\t\t<div class=\"elementor-widget-wrap elementor-element-populated\">\n\t\t\t\t\t\t<div class=\"elementor-element elementor-element-57f614d elementor-widget elementor-widget-text-editor\" data-id=\"57f614d\" data-element_type=\"widget\" data-e-type=\"widget\" data-widget_type=\"text-editor.default\">\n\t\t\t\t<div class=\"elementor-widget-container\">\n\t\t\t\t\t\t\t\t\t<header style=\"box-sizing: inherit; color: #3e3a3a; font-family: Verdana, sans-serif;\"><h1 style=\"box-sizing: inherit; font-size: 2.30769rem; margin-bottom: 0.2em; display: var(--page-title-display);\">BODAS<\/h1><h1 style=\"box-sizing: inherit; font-size: 2.30769rem; margin-bottom: 0.2em; display: var(--page-title-display);\"><span style=\"color: #474343; font-family: Arial, sans-serif; font-size: 15.6px; font-style: normal; font-weight: 400;\">\u00a0<\/span><\/h1><h1 style=\"box-sizing: inherit; font-size: 2.30769rem; margin-bottom: 0.2em; display: var(--page-title-display);\"><span style=\"color: #474343; font-family: Arial, sans-serif; font-size: 15.6px; font-style: normal; font-weight: 400;\">Hola\u2026<\/span><\/h1><\/header><div style=\"box-sizing: inherit; font-size: 13px; font-style: normal; font-weight: 400; color: #3e3a3a; font-family: Verdana, sans-serif;\"><div style=\"box-sizing: inherit; font-size: 13px;\" data-elementor-type=\"wp-page\" data-elementor-id=\"884\" data-elementor-settings=\"[]\"><div style=\"font-size: 13px;\"><div style=\"font-size: 13px;\"><section data-id=\"21508b8\" data-element_type=\"section\"><div style=\"font-size: 13px;\"><div style=\"font-size: 13px; width: 776.6px;\"><div style=\"font-size: 13px; width: 776.6px;\" data-id=\"3e0fbf8a\" data-element_type=\"column\"><div style=\"font-size: 13px; width: 776.6px;\"><div style=\"font-size: 13px; width: 776.6px;\"><div style=\"font-size: 13px; font-weight: var( --e-global-typography-text-font-weight ); font-family: var( --e-global-typography-text-font-family ), Sans-serif; width: 756.6px;\" data-id=\"2cebce76\" data-element_type=\"widget\" data-widget_type=\"text-editor.default\"><div style=\"font-size: 13px;\"><div style=\"font-size: 13px;\"><p style=\"font-size: 15.6px; font-style: normal; font-weight: 400; color: #474343; font-family: Arial, sans-serif;\">Quiero ser tu fot\u00f3grafo. Quiero tener la oportunidad de retratar los momentos m\u00e1s importantes de tu boda, congelar en el tiempo esos recuerdos muy bonitos y que perduren para toda la vida.<\/p><p style=\"font-size: 15.6px; font-style: normal; font-weight: 400; color: #474343; font-family: Arial, sans-serif;\">Cada boda es \u00fanica, cada boda tiene sus propias caracter\u00edsticas. Por eso lo tomo como un nuevo reto y as\u00ed puedo documentar una historia llena de momentos inolvidables y m\u00e1gicos.<\/p><p style=\"font-size: 15.6px; font-style: normal; font-weight: 400; color: #474343; font-family: Arial, sans-serif;\">Para crear una verdadera historia estar\u00e9 contigo desde el maquillaje, el vestido de la novia, los preparativos del novio. Pr\u00e1cticamente desde el inicio que puede ser en una vivienda o un hotel.<\/p><p style=\"font-size: 15.6px; font-style: normal; font-weight: 400; color: #474343; font-family: Arial, sans-serif;\">Luego la llegada de la novia a la iglesia o el registro civil. Durante la ceremonia capturo todos los detalles posible. Cuento en im\u00e1genes la historia de amor que perdurar\u00e1 toda la vida.<\/p><p style=\"font-size: 15.6px; font-style: normal; font-weight: 400; color: #474343; font-family: Arial, sans-serif;\">De acuerdo con la planificaci\u00f3n, despu\u00e9s de la ceremonia, tendr\u00edamos un par de horas para hacer un reportaje gr\u00e1fico en exteriores. Esta puede ser en un parque, una plaza o un sitio acordado previamente.<\/p><p style=\"font-size: 15.6px; font-style: normal; font-weight: 400; color: #474343; font-family: Arial, sans-serif;\">Posteriormente el brindis en pareja, con la familia, los amigos y el vals. En el local encontrar las mejores im\u00e1genes de la recepci\u00f3n social.<\/p><p style=\"font-size: 15.6px; font-style: normal; font-weight: 400; color: #474343; font-family: Arial, sans-serif;\">Tambi\u00e9n podemos hacer una Pre Boda. No es m\u00e1s que una sesi\u00f3n de fotos que se realiza semanas antes de la Boda. Tambi\u00e9n podemos hacer una Post Boda. Es una sesi\u00f3n de fotos despu\u00e9s del d\u00eda de la Boda.<\/p><p style=\"font-size: 15.6px; font-style: normal; font-weight: 400; color: #474343; font-family: Arial, sans-serif;\">Finalmente debo decirte que soy una persona muy responsable con mis compromisos. No necesito firmar nada para cumplir mi palabra. Si lo hago es solo por cuestiones de legalidad.<\/p><p style=\"font-size: 15.6px; font-style: normal; font-weight: 400; color: #474343; font-family: Arial, sans-serif;\">Los a\u00f1os de experiencia, como reportero gr\u00e1fico en varios medios de comunicaci\u00f3n, hacen que sea exigente conmigo mismo. Por ese motivo en todo momento estoy enfocando y buscando una instant\u00e1nea, buscando un mejor perfil. Al final, esas fotos que rebosan de naturalidad son las m\u00e1s expresivas o las que m\u00e1s gustan.<\/p><p style=\"font-size: 15.6px; font-style: normal; font-weight: 400; color: #474343; font-family: Arial, sans-serif;\">Estoy listo poder realizar el primer\u00a0<a style=\"font-size: 15.6px;\" href=\"http:\/\/davidmendozafotografo.com\/?page_id=837\">contacto<\/a><\/p><\/div><\/div><\/div><\/div><\/div><\/div><\/div><\/div><\/section><\/div><\/div><\/div><\/div>\t\t\t\t\t\t\t\t<\/div>\n\t\t\t\t<\/div>\n\t\t\t\t\t<\/div>\n\t\t<\/div>\n\t\t\t\t\t<\/div>\n\t\t<\/section>\n\t\t\t\t<\/div>\n\t\t","protected":false},"excerpt":{"rendered":"","protected":false},"author":1,"featured_media":0,"parent":0,"menu_order":0,"comment_status":"closed","ping_status":"closed","template":"","meta":{"om_disable_all_campaigns":false,"_monsterinsights_skip_tracking":false,"_monsterinsights_sitenote_active":false,"_monsterinsights_sitenote_note":"","_monsterinsights_sitenote_category":0,"site-sidebar-layout":"no-sidebar","site-content-layout":"page-builder","ast-site-content-layout":"default","site-content-style":"default","site-sidebar-style":"default","ast-global-header-display":"","ast-banner-title-visibility":"","ast-main-header-display":"","ast-hfb-above-header-display":"","ast-hfb-below-header-display":"","ast-hfb-mobile-header-display":"","site-post-title":"disabled","ast-breadcrumbs-content":"","ast-featured-img":"disabled","footer-sml-layout":"","ast-disable-related-posts":"","theme-transparent-header-meta":"","adv-header-id-meta":"","stick-header-meta":"","header-above-stick-meta":"","header-main-stick-meta":"","header-below-stick-meta":"","astra-migrate-meta-layouts":"default","ast-page-background-enabled":"default","ast-page-background-meta":{"desktop":{"background-color":"","background-image":"","background-repeat":"repeat","background-position":"center center","background-size":"auto","background-attachment":"scroll","background-type":"","background-media":"","overlay-type":"","overlay-color":"","overlay-opacity":"","overlay-gradient":""},"tablet":{"background-color":"","background-image":"","background-repeat":"repeat","background-position":"center center","background-size":"auto","background-attachment":"scroll","background-type":"","background-media":"","overlay-type":"","overlay-color":"","overlay-opacity":"","overlay-gradient":""},"mobile":{"background-color":"","background-image":"","background-repeat":"repeat","background-position":"center center","background-size":"auto","background-attachment":"scroll","background-type":"","background-media":"","overlay-type":"","overlay-color":"","overlay-opacity":"","overlay-gradient":""}},"ast-content-background-meta":{"desktop":{"background-color":"var(--ast-global-color-5)","background-image":"","background-repeat":"repeat","background-position":"center center","background-size":"auto","background-attachment":"scroll","background-type":"","background-media":"","overlay-type":"","overlay-color":"","overlay-opacity":"","overlay-gradient":""},"tablet":{"background-color":"var(--ast-global-color-5)","background-image":"","background-repeat":"repeat","background-position":"center center","background-size":"auto","background-attachment":"scroll","background-type":"","background-media":"","overlay-type":"","overlay-color":"","overlay-opacity":"","overlay-gradient":""},"mobile":{"background-color":"var(--ast-global-color-5)","background-image":"","background-repeat":"repeat","background-position":"center center","background-size":"auto","background-attachment":"scroll","background-type":"","background-media":"","overlay-type":"","overlay-color":"","overlay-opacity":"","overlay-gradient":""}},"footnotes":""},"class_list":["post-1444","page","type-page","status-publish","hentry"],"jetpack_sharing_enabled":true,"_links":{"self":[{"href":"https:\/\/davidmendozafotografo.com\/index.php?rest_route=\/wp\/v2\/pages\/1444","targetHints":{"allow":["GET"]}}],"collection":[{"href":"https:\/\/davidmendozafotografo.com\/index.php?rest_route=\/wp\/v2\/pages"}],"about":[{"href":"https:\/\/davidmendozafotografo.com\/index.php?rest_route=\/wp\/v2\/types\/page"}],"author":[{"embeddable":true,"href":"https:\/\/davidmendozafotografo.com\/index.php?rest_route=\/wp\/v2\/users\/1"}],"replies":[{"embeddable":true,"href":"https:\/\/davidmendozafotografo.com\/index.php?rest_route=%2Fwp%2Fv2%2Fcomments&post=1444"}],"version-history":[{"count":4,"href":"https:\/\/davidmendozafotografo.com\/index.php?rest_route=\/wp\/v2\/pages\/1444\/revisions"}],"predecessor-version":[{"id":1485,"href":"https:\/\/davidmendozafotografo.com\/index.php?rest_route=\/wp\/v2\/pages\/1444\/revisions\/1485"}],"wp:attachment":[{"href":"https:\/\/davidmendozafotografo.com\/index.php?rest_route=%2Fwp%2Fv2%2Fmedia&parent=1444"}],"curies":[{"name":"wp","href":"https:\/\/api.w.org\/{rel}","templated":true}]}}